{"id":831,"date":"2024-03-28T17:53:44","date_gmt":"2024-03-28T22:53:44","guid":{"rendered":"https:\/\/www.lem.uni.edu.pe\/?page_id=831"},"modified":"2025-09-24T11:36:17","modified_gmt":"2025-09-24T16:36:17","slug":"resistencia-a-la-compresion-del-concreto-en-muestras-cilindricas-o-cubicas","status":"publish","type":"page","link":"https:\/\/www.lem.uni.edu.pe\/?page_id=831","title":{"rendered":"Resistencia a la compresi\u00f3n del concreto en muestras Cil\u00edndricas o C\u00fabicas"},"content":{"rendered":"<h5 style=\"text-align: center;\"><b>RESISTENCIA A LA COMPRESI\u00d3N DEL CONCRETO EN MUESTRAS CIL\u00cdNDRICAS O C\u00daBICAS<\/p>\n<p><\/b><\/h5>\n<p><center><strong><a href=\"https:\/\/docs.google.com\/spreadsheets\/d\/e\/2PACX-1vQdh3nhmxfEzqdPvg4efn0HPN53hzzOqXI149oPxYk136pi9NVLNMjENJx--kPvITo9oVnNYccRt6Nv\/pubhtml?gid=934387268&#038;single=true\" target=\"_blank\" rel=\"noopener\"> <input type=\"button\" value=\"VER EL ESTADO DE SU EXPEDIENTE\" \/><\/a><\/strong><\/center><\/p>\n<table>\n<tbody>\n<tr>\n<td class=\"has-text-align-center\" style=\"text-align: center;\" bgcolor=\"#65AFE0\" data-align=\"center\"><span style=\"color: #000000;\"><strong>ID<\/strong><\/span><\/td>\n<td style=\"text-align: center;\" bgcolor=\"#65AFE0\"><span style=\"color: #000000;\"><strong>NORMATIVA<\/strong><\/span><\/td>\n<td class=\"has-text-align-center\" style=\"text-align: center;\" bgcolor=\"#65AFE0\" data-align=\"center\"><span style=\"color: #000000;\"><strong>ENSAYOS EN CONCRETO ENDURECIDO<\/strong><\/span><\/td>\n<td style=\"text-align: center;\" bgcolor=\"#65AFE0\"><span style=\"color: #000000;\"><b>Duraci\u00f3n en d\u00edas H\u00e1biles<\/b><\/span><\/td>\n<\/tr>\n<tr>\n<td class=\"has-text-align-center\" style=\"text-align: center;\" data-align=\"center\"><span style=\"color: #000000;\">1<\/span><\/td>\n<td style=\"text-align: center;\"><span style=\"color: #000000;\">NTP 339.034<\/span><\/p>\n<p>&#8212;&#8212;&#8212;&#8212;&#8212;&#8212;&#8212;&#8212;&#8212;&#8212;&#8212;<br \/>\nNTP 334.051<\/td>\n<td class=\"has-text-align-center\" style=\"text-align: center;\" data-align=\"rigt\"><span style=\"color: #000000;\">M\u00e9todo de ensayo normalizado para la determinaci\u00f3n de la <\/span><br \/>\n<span style=\"color: #000000;\">Resistencia a la compresi\u00f3n del concreto en muestras cil\u00edndricas.<\/span>&#8212;&#8212;&#8212;&#8212;&#8212;&#8212;&#8212;&#8212;&#8212;&#8212;&#8212;&#8212;&#8212;&#8212;&#8212;&#8212;&#8212;&#8212;&#8212;&#8212;&#8212;&#8212;&#8212;&#8212;&#8212;&#8212;&#8212;&#8212;&#8212;&#8212;&#8212;&#8212;&#8212;&#8212;&#8212;&#8212;&#8212;&#8212;&#8212;&#8212;&#8212;&#8212;&#8212;&#8212;&#8212;&#8212;&#8212;<br \/>\n<span style=\"color: #000000;\">M\u00e9todo de ensayo normalizado para la determinaci\u00f3n de la <\/span><br \/>\n<span style=\"color: #000000;\">Resistencia a la compresi\u00f3n del concreto en muestras c\u00fabicas.<\/span><\/td>\n<td style=\"text-align: center;\"><span style=\"color: #000000;\">&#8211; Normal: 3 d\u00edas<br \/>\n&#8211; Preferencial: 1 d\u00eca<br \/>\n&#8211; Por Fechas del Cliente<\/span><\/td>\n<\/tr>\n<\/tbody>\n<\/table>\n<p><iframe id=\"dynamicIframe\" src=\"\/ensayoslem\/probetas.html\" style=\"width:100%; border:none;\" scrolling=\"no\"><\/iframe><\/p>\n<h2 align=\"center\"><\/h2>\n","protected":false},"excerpt":{"rendered":"<p>RESISTENCIA A LA COMPRESI\u00d3N DEL CONCRETO EN MUESTRAS CIL\u00cdNDRICAS O C\u00daBICAS ID NORMATIVA ENSAYOS EN CONCRETO ENDURECIDO Duraci\u00f3n en d\u00edas H\u00e1biles 1 NTP 339.034 &#8212;&#8212;&#8212;&#8212;&#8212;&#8212;&#8212;&#8212;&#8212;&#8212;&#8212; NTP 334.051 M\u00e9todo de ensayo normalizado para la determinaci\u00f3n de la Resistencia a la compresi\u00f3n del concreto en muestras&#8230;<\/p>\n","protected":false},"author":1,"featured_media":0,"parent":0,"menu_order":0,"comment_status":"closed","ping_status":"closed","template":"template-full.php","meta":{"_joinchat":[],"footnotes":""},"class_list":["post-831","page","type-page","status-publish","hentry"],"aioseo_notices":[],"_links":{"self":[{"href":"https:\/\/www.lem.uni.edu.pe\/index.php?rest_route=\/wp\/v2\/pages\/831","targetHints":{"allow":["GET"]}}],"collection":[{"href":"https:\/\/www.lem.uni.edu.pe\/index.php?rest_route=\/wp\/v2\/pages"}],"about":[{"href":"https:\/\/www.lem.uni.edu.pe\/index.php?rest_route=\/wp\/v2\/types\/page"}],"author":[{"embeddable":true,"href":"https:\/\/www.lem.uni.edu.pe\/index.php?rest_route=\/wp\/v2\/users\/1"}],"replies":[{"embeddable":true,"href":"https:\/\/www.lem.uni.edu.pe\/index.php?rest_route=%2Fwp%2Fv2%2Fcomments&post=831"}],"version-history":[{"count":9,"href":"https:\/\/www.lem.uni.edu.pe\/index.php?rest_route=\/wp\/v2\/pages\/831\/revisions"}],"predecessor-version":[{"id":4346,"href":"https:\/\/www.lem.uni.edu.pe\/index.php?rest_route=\/wp\/v2\/pages\/831\/revisions\/4346"}],"wp:attachment":[{"href":"https:\/\/www.lem.uni.edu.pe\/index.php?rest_route=%2Fwp%2Fv2%2Fmedia&parent=831"}],"curies":[{"name":"wp","href":"https:\/\/api.w.org\/{rel}","templated":true}]}}