{"id":835,"date":"2024-03-28T18:38:25","date_gmt":"2024-03-28T23:38:25","guid":{"rendered":"https:\/\/www.lem.uni.edu.pe\/?page_id=835"},"modified":"2024-09-28T18:45:56","modified_gmt":"2024-09-28T23:45:56","slug":"resistencia-a-la-compresion-del-concreto-en-corazones-diamantino-puestos-en-el-lem","status":"publish","type":"page","link":"https:\/\/www.lem.uni.edu.pe\/?page_id=835","title":{"rendered":"Resistencia a la Compresi\u00f3n del concreto en corazones diamantinos puestos en el LEM"},"content":{"rendered":"<h5 style=\"text-align: center;\"><b>RESISTENCIA A LA COMPRESI\u00d3N DEL CONCRETO EN CORAZONES DIAMANTINOS PUESTOS EN EL LEM<\/b><\/h5>\n<p>\n<center><strong><a href=\"https:\/\/docs.google.com\/spreadsheets\/d\/e\/2PACX-1vQdh3nhmxfEzqdPvg4efn0HPN53hzzOqXI149oPxYk136pi9NVLNMjENJx--kPvITo9oVnNYccRt6Nv\/pubhtml?gid=1193181776&#038;single=true\" target=\"_blank\" rel=\"noopener\"> <input type=\"button\" value=\"VER EL ESTADO DE SU EXPEDIENTE\" \/><\/a><\/strong><\/center><\/p>\n<table dir=\"ltr\" cellspacing=\"0\" cellpadding=\"0\">\n<colgroup>\n<col width=\"126\" \/>\n<col width=\"100\" \/>\n<col width=\"100\" \/>\n<col width=\"100\" \/>\n<col width=\"120\" \/>\n<col width=\"100\" \/>\n<col width=\"246\" \/>\n<col width=\"111\" \/>\n<col width=\"146\" \/>\n<col width=\"100\" \/><\/colgroup>\n<tbody>\n<tr>\n<td style=\"text-align: center;\" bgcolor=\"#65AFE0\" data-sheets-value=\"{&quot;1&quot;:2,&quot;2&quot;:&quot;ID&quot;}\"><span style=\"color: #000000;\"><strong>ID<\/strong><\/span><\/td>\n<td style=\"text-align: center;\" colspan=\"2\" rowspan=\"1\" bgcolor=\"#65AFE0\" data-sheets-value=\"{&quot;1&quot;:2,&quot;2&quot;:&quot;NORMATIVA&quot;}\"><span style=\"color: #000000;\"><strong>NORMATIVA<\/strong><\/span><\/td>\n<td style=\"text-align: center;\" colspan=\"5\" rowspan=\"1\" bgcolor=\"#65AFE0\" data-sheets-value=\"{&quot;1&quot;:2,&quot;2&quot;:&quot;ENSAYOS EN CONCRETO ENDURECIDO&quot;}\"><span style=\"color: #000000;\"><strong>ENSAYOS EN CONCRETO ENDURECIDO<\/strong><\/span><\/td>\n<td style=\"text-align: center;\" colspan=\"2\" rowspan=\"1\" bgcolor=\"#65AFE0\" data-sheets-value=\"{&quot;1&quot;:2,&quot;2&quot;:&quot;Duracion en dias H\u00e1biles&quot;}\"><span style=\"color: #000000;\"><strong>Duracion en dias H\u00e1biles<\/strong><\/span><\/td>\n<\/tr>\n<tr>\n<td style=\"text-align: center;\" data-sheets-value=\"{&quot;1&quot;:3,&quot;3&quot;:1}\"><span style=\"color: #000000;\">2<\/span><\/td>\n<td style=\"text-align: center;\" colspan=\"2\" rowspan=\"1\" data-sheets-value=\"{&quot;1&quot;:2,&quot;2&quot;:&quot;NTP 339.034&quot;}\"><span style=\"color: #000000;\">NTP 339.034<\/span><\/td>\n<td style=\"text-align: center;\" colspan=\"5\" rowspan=\"1\" data-sheets-value=\"{&quot;1&quot;:2,&quot;2&quot;:&quot;M\u00e9todo de ensayo normalizado para la determinaci\u00f3n de la Resistencia a la \\ncompresi\u00f3n del concreto en muestras cil\u00edndricas.&quot;}\"><span style=\"color: #000000;\">M\u00e9todo de ensayo normalizado para la determinaci\u00f3n de la Resistencia<\/span><br \/>\n<span style=\"color: #000000;\">a la compresi\u00f3n del concreto en corazones diamantino puestos en el LEM<\/span><\/td>\n<td style=\"text-align: center;\" colspan=\"2\" rowspan=\"1\" data-sheets-value=\"{&quot;1&quot;:2,&quot;2&quot;:&quot;3 d\u00edas&quot;}\"><span style=\"color: #000000;\">7 d\u00edas<\/span><\/td>\n<\/tr>\n<\/tbody>\n<\/table>\n<p><iframe id=\"dynamicIframe\" src=\"\/ensayoslem\/diamantinas.html\" style=\"width:100%; border:none;\" scrolling=\"no\"><\/iframe><\/p>\n<h2 align=\"center\"><\/h2>\n","protected":false},"excerpt":{"rendered":"<p>RESISTENCIA A LA COMPRESI\u00d3N DEL CONCRETO EN CORAZONES DIAMANTINOS PUESTOS EN EL LEM ID NORMATIVA ENSAYOS EN CONCRETO ENDURECIDO Duracion en dias H\u00e1biles 2 NTP 339.034 M\u00e9todo de ensayo normalizado para la determinaci\u00f3n de la Resistencia a la compresi\u00f3n del concreto en corazones diamantino&#8230;<\/p>\n","protected":false},"author":1,"featured_media":0,"parent":0,"menu_order":0,"comment_status":"closed","ping_status":"closed","template":"template-full.php","meta":{"_joinchat":[],"footnotes":""},"class_list":["post-835","page","type-page","status-publish","hentry"],"aioseo_notices":[],"_links":{"self":[{"href":"https:\/\/www.lem.uni.edu.pe\/index.php?rest_route=\/wp\/v2\/pages\/835","targetHints":{"allow":["GET"]}}],"collection":[{"href":"https:\/\/www.lem.uni.edu.pe\/index.php?rest_route=\/wp\/v2\/pages"}],"about":[{"href":"https:\/\/www.lem.uni.edu.pe\/index.php?rest_route=\/wp\/v2\/types\/page"}],"author":[{"embeddable":true,"href":"https:\/\/www.lem.uni.edu.pe\/index.php?rest_route=\/wp\/v2\/users\/1"}],"replies":[{"embeddable":true,"href":"https:\/\/www.lem.uni.edu.pe\/index.php?rest_route=%2Fwp%2Fv2%2Fcomments&post=835"}],"version-history":[{"count":4,"href":"https:\/\/www.lem.uni.edu.pe\/index.php?rest_route=\/wp\/v2\/pages\/835\/revisions"}],"predecessor-version":[{"id":2904,"href":"https:\/\/www.lem.uni.edu.pe\/index.php?rest_route=\/wp\/v2\/pages\/835\/revisions\/2904"}],"wp:attachment":[{"href":"https:\/\/www.lem.uni.edu.pe\/index.php?rest_route=%2Fwp%2Fv2%2Fmedia&parent=835"}],"curies":[{"name":"wp","href":"https:\/\/api.w.org\/{rel}","templated":true}]}}