{"id":972,"date":"2024-04-05T18:31:15","date_gmt":"2024-04-05T23:31:15","guid":{"rendered":"https:\/\/www.lem.uni.edu.pe\/?page_id=972"},"modified":"2026-03-13T10:17:29","modified_gmt":"2026-03-13T15:17:29","slug":"jefatura","status":"publish","type":"page","link":"https:\/\/www.lem.uni.edu.pe\/?page_id=972","title":{"rendered":"Jefatura"},"content":{"rendered":"<p class=\"texto3\" align=\"center\"><strong>PRESENTACI\u00d3N GENERAL<\/strong><\/p>\n<p class=\"texto2\" align=\"justify\">El laboratorio de ensayo de materiales de la universidad nacional de ingenier\u00eda tiene como raz\u00f3n de ser la investigaci\u00f3n, docencia universitaria y proyecci\u00f3n social mediante la realizaci\u00f3n de servicios externos ,sus equipos e instalaciones est\u00e1n siempre dispuestos a encontrar soluciones que el avance tecnol\u00f3gico en el cual lo demande. En la actualidad nuestro laboratorio cuenta con equipos e infraestrutrua moderna, as\u00ed como el compromiso total con la mejora continua en cada una de nuestras actividades a fin de lograr la satisfacci\u00f3n de nuestros clientes.<\/p>\n<p class=\"texto2\" align=\"justify\">Los ensayos de control de calidad que realizamos est\u00e1n de acuerdo a las normas y procedimientos normalizados, asimismo nuestros equipos se encuentran debidamente calibrados a fin de asegurar la idoneidad de los resultados; el personal de LEM es frecuentemente capacitado y evaluado.<\/p>\n<p class=\"texto2\" align=\"justify\">Invito a las empresas a realizar un trabajo conjunto universidad \u2013 empresa a fin de resolver o plantear alternativas para el bien de nuestro Pa\u00eds.<\/p>\n<p class=\"texto2\" align=\"justify\">Adem\u00e1s de los ensayos sobre materiales el laboratorio cuenta con equipos para efectuar ensayos no destructivos as\u00ed como para la medici\u00f3n de esfuerzos, y cualquier otra exigencia de los interesados, los invito a mantener contacto con nuestra instituci\u00f3n sin fines de lucro y con amplia experiencia en investigaci\u00f3n.<\/p>\n<p><center><a href=\"https:\/\/www.lem.uni.edu.pe\/?page_id=58\"><img loading=\"lazy\" decoding=\"async\" class=\"aligncenter\" src=\"\/imageneslem\/jefe-lem-2026.png\" width=\"400\" height=\"400\" \/><\/a><strong> MBA. Ing. Edward Andrei Garcia Mori<\/strong><br \/>\n<strong>Jefe (e) del Laboratorio de Ensayo de Materiales UNI-FIC<\/strong><\/center><br \/>\n<!-- <iframe loading=\"lazy\" title=\"YouTube video player\" src=\"https:\/\/www.youtube.com\/embed\/xXduJOM4vv4?si=RNKCTXrysgyY8laT\" width=\"560\" height=\"315\" frameborder=\"0\" allowfullscreen=\"allowfullscreen\"><\/iframe> --><\/p>\n","protected":false},"excerpt":{"rendered":"<p>PRESENTACI\u00d3N GENERAL El laboratorio de ensayo de materiales de la universidad nacional de ingenier\u00eda tiene como raz\u00f3n de ser la investigaci\u00f3n, docencia universitaria y proyecci\u00f3n social mediante la realizaci\u00f3n de servicios externos ,sus equipos e instalaciones est\u00e1n siempre dispuestos a encontrar soluciones que el&#8230;<\/p>\n","protected":false},"author":1,"featured_media":0,"parent":0,"menu_order":0,"comment_status":"closed","ping_status":"closed","template":"template-full.php","meta":{"_joinchat":[],"footnotes":""},"class_list":["post-972","page","type-page","status-publish","hentry"],"aioseo_notices":[],"_links":{"self":[{"href":"https:\/\/www.lem.uni.edu.pe\/index.php?rest_route=\/wp\/v2\/pages\/972","targetHints":{"allow":["GET"]}}],"collection":[{"href":"https:\/\/www.lem.uni.edu.pe\/index.php?rest_route=\/wp\/v2\/pages"}],"about":[{"href":"https:\/\/www.lem.uni.edu.pe\/index.php?rest_route=\/wp\/v2\/types\/page"}],"author":[{"embeddable":true,"href":"https:\/\/www.lem.uni.edu.pe\/index.php?rest_route=\/wp\/v2\/users\/1"}],"replies":[{"embeddable":true,"href":"https:\/\/www.lem.uni.edu.pe\/index.php?rest_route=%2Fwp%2Fv2%2Fcomments&post=972"}],"version-history":[{"count":13,"href":"https:\/\/www.lem.uni.edu.pe\/index.php?rest_route=\/wp\/v2\/pages\/972\/revisions"}],"predecessor-version":[{"id":4677,"href":"https:\/\/www.lem.uni.edu.pe\/index.php?rest_route=\/wp\/v2\/pages\/972\/revisions\/4677"}],"wp:attachment":[{"href":"https:\/\/www.lem.uni.edu.pe\/index.php?rest_route=%2Fwp%2Fv2%2Fmedia&parent=972"}],"curies":[{"name":"wp","href":"https:\/\/api.w.org\/{rel}","templated":true}]}}