{"id":981,"date":"2024-04-05T18:41:16","date_gmt":"2024-04-05T23:41:16","guid":{"rendered":"https:\/\/www.lem.uni.edu.pe\/?page_id=981"},"modified":"2025-04-18T18:28:54","modified_gmt":"2025-04-18T23:28:54","slug":"institucional","status":"publish","type":"page","link":"https:\/\/www.lem.uni.edu.pe\/?page_id=981","title":{"rendered":"Institucional"},"content":{"rendered":"<h5 class=\"texto3\" align=\"center\"><\/h5>\n<p><center><img decoding=\"async\" src=\"\/imageneslem\/politicadecalidad.png\" alt=\"Politica de Calidad\" \/><\/center><\/p>\n<p class=\"texto2\" align=\"justify\"><strong>MISI\u00d3N<\/strong><br \/>\nSatisfacer las necesidades de nuestros clientes con puntualidad, confiabilidad y confidencialidad requerida respaldados por los procedimientos de laboratorio realizados de acuerdo a las normas t\u00e9cnicas vigentes.<\/p>\n<p>Adecuar constantemente nuestras instalaciones con equipamiento y tecnolog\u00eda adecuada, de forma tal que dicha tecnolog\u00eda coadyuve a mejorar la productividad y la rentabilidad patrimonial.<\/p>\n<p>Fomentar entre el personal una actitud de desaf\u00edo e imaginaci\u00f3n, dispuesta al cambio tecnol\u00f3gico, para lo cual promueve la capacitaci\u00f3n del personal t\u00e9cnico, administrativo y de ingenieros tanto en el pa\u00eds como en el extranjero.<\/p>\n<p class=\"texto2\" align=\"justify\"><strong>VISI\u00d3N<\/strong><br \/>\nSer un laboratorio de ensayo de materiales l\u00edder en el sector construcci\u00f3n, con un continuo crecimiento y alto sentido profesional y ser reconocidos por nuestros clientes por brindar un servicio de calidad, logrando una sostenibilidad y desarrollo, contribuyendo de manera positiva a la sociedad.<\/p>\n<p class=\"texto3\" align=\"justify\"><strong>VALORES<\/strong><\/p>\n<div align=\"justify\">\n<ul>\n<li class=\"texto2\"><strong>Integridad:<\/strong>\u00a0Siendo honestos y coherentes en nuestras acciones.<\/li>\n<li class=\"texto2\"><strong>Equidad:<\/strong>\u00a0Justicia e imparcialidad en un trato o un reparto.<\/li>\n<li class=\"texto2\"><strong>Vocaci\u00f3n de Servicio:<\/strong>\u00a0Arte de atender de manera especial y natural a un cliente, sea externo o interno.<\/li>\n<li class=\"texto2\"><strong>Excelencia e innovaci\u00f3n:<\/strong>\u00a0Siendo mejores cada d\u00eda.<\/li>\n<li class=\"texto2\"><strong>Respeto a la persona:<\/strong>\u00a0Consideraci\u00f3n y reconocimiento del valor de una persona.<\/li>\n<li class=\"texto2\"><strong>Trabajo en equipo:<\/strong>\u00a0Cooperando e interactuando internamente con vocaci\u00f3n de servicio para alcanzar nuestras metas.<\/li>\n<li class=\"texto2\"><strong>Compromiso:<\/strong>\u00a0Pasi\u00f3n por lo que hacemos.<\/li>\n<\/ul>\n<\/div>\n","protected":false},"excerpt":{"rendered":"<p>MISI\u00d3N Satisfacer las necesidades de nuestros clientes con puntualidad, confiabilidad y confidencialidad requerida respaldados por los procedimientos de laboratorio realizados de acuerdo a las normas t\u00e9cnicas vigentes. Adecuar constantemente nuestras instalaciones con equipamiento y tecnolog\u00eda adecuada, de forma tal que dicha tecnolog\u00eda coadyuve a&#8230;<\/p>\n","protected":false},"author":1,"featured_media":0,"parent":0,"menu_order":0,"comment_status":"closed","ping_status":"closed","template":"","meta":{"_joinchat":[],"footnotes":""},"class_list":["post-981","page","type-page","status-publish","hentry"],"aioseo_notices":[],"_links":{"self":[{"href":"https:\/\/www.lem.uni.edu.pe\/index.php?rest_route=\/wp\/v2\/pages\/981","targetHints":{"allow":["GET"]}}],"collection":[{"href":"https:\/\/www.lem.uni.edu.pe\/index.php?rest_route=\/wp\/v2\/pages"}],"about":[{"href":"https:\/\/www.lem.uni.edu.pe\/index.php?rest_route=\/wp\/v2\/types\/page"}],"author":[{"embeddable":true,"href":"https:\/\/www.lem.uni.edu.pe\/index.php?rest_route=\/wp\/v2\/users\/1"}],"replies":[{"embeddable":true,"href":"https:\/\/www.lem.uni.edu.pe\/index.php?rest_route=%2Fwp%2Fv2%2Fcomments&post=981"}],"version-history":[{"count":6,"href":"https:\/\/www.lem.uni.edu.pe\/index.php?rest_route=\/wp\/v2\/pages\/981\/revisions"}],"predecessor-version":[{"id":3752,"href":"https:\/\/www.lem.uni.edu.pe\/index.php?rest_route=\/wp\/v2\/pages\/981\/revisions\/3752"}],"wp:attachment":[{"href":"https:\/\/www.lem.uni.edu.pe\/index.php?rest_route=%2Fwp%2Fv2%2Fmedia&parent=981"}],"curies":[{"name":"wp","href":"https:\/\/api.w.org\/{rel}","templated":true}]}}